{"id":118,"date":"2023-03-13T15:01:21","date_gmt":"2023-03-13T14:01:21","guid":{"rendered":"https:\/\/inspiration-croquette.artcomweb.fr\/?page_id=118"},"modified":"2024-11-08T15:06:40","modified_gmt":"2024-11-08T14:06:40","slug":"contact","status":"publish","type":"page","link":"https:\/\/inspiration-croquette.artcomweb.fr\/?page_id=118","title":{"rendered":"Contact"},"content":{"rendered":"\t\t<div data-elementor-type=\"wp-page\" data-elementor-id=\"118\" class=\"elementor elementor-118\" data-elementor-post-type=\"page\">\n\t\t\t\t<div class=\"elementor-element elementor-element-30bfe0a e-flex e-con-boxed e-con e-parent\" data-id=\"30bfe0a\" data-element_type=\"container\" data-settings=\"{&quot;background_background&quot;:&quot;classic&quot;}\">\n\t\t\t\t\t<div class=\"e-con-inner\">\n\t\t<div class=\"elementor-element elementor-element-c48d65c e-con-full e-flex e-con e-child\" data-id=\"c48d65c\" data-element_type=\"container\">\n\t\t\t\t<div class=\"elementor-element elementor-element-0a1fd9f elementor-widget elementor-widget-elementskit-heading\" data-id=\"0a1fd9f\" data-element_type=\"widget\" data-widget_type=\"elementskit-heading.default\">\n\t\t\t\t<div class=\"elementor-widget-container\">\n\t\t\t\t\t<div class=\"ekit-wid-con\" ><div class=\"ekit-heading elementskit-section-title-wraper text_center   ekit_heading_tablet-text_center   ekit_heading_mobile-\"><h1 class=\"ekit-heading--title elementskit-section-title \"><span><span>Contact<\/span><\/span><\/h1><\/div><\/div>\t\t\t\t<\/div>\n\t\t\t\t<\/div>\n\t\t\t\t<\/div>\n\t\t\t\t\t<\/div>\n\t\t\t\t<\/div>\n\t\t<div class=\"elementor-element elementor-element-32252ba e-flex e-con-boxed e-con e-parent\" data-id=\"32252ba\" data-element_type=\"container\">\n\t\t\t\t\t<div class=\"e-con-inner\">\n\t\t<div class=\"elementor-element elementor-element-212d499 e-con-full e-flex e-con e-child\" data-id=\"212d499\" data-element_type=\"container\">\n\t\t<div class=\"elementor-element elementor-element-fecb13d e-con-full e-flex e-con e-child\" data-id=\"fecb13d\" data-element_type=\"container\">\n\t\t<div class=\"elementor-element elementor-element-e938ae6 e-con-full e-flex e-con e-child\" data-id=\"e938ae6\" data-element_type=\"container\">\n\t\t\t\t<div class=\"elementor-element elementor-element-bd421d5 elementor-widget elementor-widget-heading\" data-id=\"bd421d5\" data-element_type=\"widget\" data-widget_type=\"heading.default\">\n\t\t\t\t<div class=\"elementor-widget-container\">\n\t\t\t\t\t<h2 class=\"elementor-heading-title elementor-size-default\">Contactez nous<\/h2>\t\t\t\t<\/div>\n\t\t\t\t<\/div>\n\t\t\t\t<div class=\"elementor-element elementor-element-2bed60f elementor-widget elementor-widget-image\" data-id=\"2bed60f\" data-element_type=\"widget\" data-widget_type=\"image.default\">\n\t\t\t\t<div class=\"elementor-widget-container\">\n\t\t\t\t\t\t\t\t\t\t\t\t\t\t\t<img fetchpriority=\"high\" decoding=\"async\" width=\"600\" height=\"600\" src=\"https:\/\/inspiration-croquette.artcomweb.fr\/wp-content\/uploads\/2023\/03\/cute-dog-and-footprint-seamless-pattern-GE973RTq.png\" class=\"attachment-full size-full wp-image-51\" alt=\"\" srcset=\"https:\/\/inspiration-croquette.artcomweb.fr\/wp-content\/uploads\/2023\/03\/cute-dog-and-footprint-seamless-pattern-GE973RTq.png 600w, https:\/\/inspiration-croquette.artcomweb.fr\/wp-content\/uploads\/2023\/03\/cute-dog-and-footprint-seamless-pattern-GE973RTq-300x300.png 300w, https:\/\/inspiration-croquette.artcomweb.fr\/wp-content\/uploads\/2023\/03\/cute-dog-and-footprint-seamless-pattern-GE973RTq-150x150.png 150w\" sizes=\"(max-width: 600px) 100vw, 600px\" \/>\t\t\t\t\t\t\t\t\t\t\t\t\t\t\t<\/div>\n\t\t\t\t<\/div>\n\t\t\t\t<\/div>\n\t\t\t\t<\/div>\n\t\t\t\t<div class=\"elementor-element elementor-element-7dcb75d elementor-widget elementor-widget-text-editor\" data-id=\"7dcb75d\" data-element_type=\"widget\" data-widget_type=\"text-editor.default\">\n\t\t\t\t<div class=\"elementor-widget-container\">\n\t\t\t\t\t\t\t\t\t<p>Nous offrons une assistance continue et adapt\u00e9e \u00e0 vos besoins. Nos services sont con\u00e7us pour r\u00e9pondre aux exigences sp\u00e9cifiques de votre animal, garantissant ainsi un bien-\u00eatre optimal. Avec une approche professionnelle, nous assurons un suivi r\u00e9gulier et des solutions personnalis\u00e9es pour chaque situation.<\/p>\t\t\t\t\t\t\t\t<\/div>\n\t\t\t\t<\/div>\n\t\t<div class=\"elementor-element elementor-element-d2dc630 e-con-full e-flex e-con e-child\" data-id=\"d2dc630\" data-element_type=\"container\">\n\t\t<div class=\"elementor-element elementor-element-2c224b0 e-con-full e-flex e-con e-child\" data-id=\"2c224b0\" data-element_type=\"container\">\n\t\t\t\t<div class=\"elementor-element elementor-element-21e9d7b elementor-position-left elementor-vertical-align-middle elementor-view-default elementor-mobile-position-top elementor-widget elementor-widget-icon-box\" data-id=\"21e9d7b\" data-element_type=\"widget\" data-widget_type=\"icon-box.default\">\n\t\t\t\t<div class=\"elementor-widget-container\">\n\t\t\t\t\t\t\t<div class=\"elementor-icon-box-wrapper\">\n\n\t\t\t\t\t\t<div class=\"elementor-icon-box-icon\">\n\t\t\t\t<span  class=\"elementor-icon\">\n\t\t\t\t<i aria-hidden=\"true\" class=\"icon icon-map\"><\/i>\t\t\t\t<\/span>\n\t\t\t<\/div>\n\t\t\t\n\t\t\t\t\t\t<div class=\"elementor-icon-box-content\">\n\n\t\t\t\t\t\t\t\t\t<h4 class=\"elementor-icon-box-title\">\n\t\t\t\t\t\t<span  >\n\t\t\t\t\t\t\tLocalisation\t\t\t\t\t\t<\/span>\n\t\t\t\t\t<\/h4>\n\t\t\t\t\n\t\t\t\t\t\t\t\t\t<p class=\"elementor-icon-box-description\">\n\t\t\t\t\t\t456 Avenue des Compagnons,\n69002 Lyon, France\t\t\t\t\t<\/p>\n\t\t\t\t\n\t\t\t<\/div>\n\t\t\t\n\t\t<\/div>\n\t\t\t\t\t\t<\/div>\n\t\t\t\t<\/div>\n\t\t\t\t<div class=\"elementor-element elementor-element-20f97b6 elementor-position-left elementor-vertical-align-middle elementor-view-default elementor-mobile-position-top elementor-widget elementor-widget-icon-box\" data-id=\"20f97b6\" data-element_type=\"widget\" data-widget_type=\"icon-box.default\">\n\t\t\t\t<div class=\"elementor-widget-container\">\n\t\t\t\t\t\t\t<div class=\"elementor-icon-box-wrapper\">\n\n\t\t\t\t\t\t<div class=\"elementor-icon-box-icon\">\n\t\t\t\t<span  class=\"elementor-icon\">\n\t\t\t\t<i aria-hidden=\"true\" class=\"icon icon-envelope1\"><\/i>\t\t\t\t<\/span>\n\t\t\t<\/div>\n\t\t\t\n\t\t\t\t\t\t<div class=\"elementor-icon-box-content\">\n\n\t\t\t\t\t\t\t\t\t<h4 class=\"elementor-icon-box-title\">\n\t\t\t\t\t\t<span  >\n\t\t\t\t\t\t\tEmail\t\t\t\t\t\t<\/span>\n\t\t\t\t\t<\/h4>\n\t\t\t\t\n\t\t\t\t\t\t\t\t\t<p class=\"elementor-icon-box-description\">\n\t\t\t\t\t\tcroquettes@gmail.com\t\t\t\t\t<\/p>\n\t\t\t\t\n\t\t\t<\/div>\n\t\t\t\n\t\t<\/div>\n\t\t\t\t\t\t<\/div>\n\t\t\t\t<\/div>\n\t\t\t\t<\/div>\n\t\t<div class=\"elementor-element elementor-element-703b778 e-con-full e-flex e-con e-child\" data-id=\"703b778\" data-element_type=\"container\">\n\t\t\t\t<div class=\"elementor-element elementor-element-3a3e59b elementor-position-left elementor-vertical-align-middle elementor-view-default elementor-mobile-position-top elementor-widget elementor-widget-icon-box\" data-id=\"3a3e59b\" data-element_type=\"widget\" data-widget_type=\"icon-box.default\">\n\t\t\t\t<div class=\"elementor-widget-container\">\n\t\t\t\t\t\t\t<div class=\"elementor-icon-box-wrapper\">\n\n\t\t\t\t\t\t<div class=\"elementor-icon-box-icon\">\n\t\t\t\t<span  class=\"elementor-icon\">\n\t\t\t\t<i aria-hidden=\"true\" class=\"icon icon-clock11\"><\/i>\t\t\t\t<\/span>\n\t\t\t<\/div>\n\t\t\t\n\t\t\t\t\t\t<div class=\"elementor-icon-box-content\">\n\n\t\t\t\t\t\t\t\t\t<h4 class=\"elementor-icon-box-title\">\n\t\t\t\t\t\t<span  >\n\t\t\t\t\t\t\tHeures d'ouverture\t\t\t\t\t\t<\/span>\n\t\t\t\t\t<\/h4>\n\t\t\t\t\n\t\t\t\t\t\t\t\t\t<p class=\"elementor-icon-box-description\">\n\t\t\t\t\t\tDu Lundi au Vendredi de 8h \u00e0 17h\t\t\t\t\t<\/p>\n\t\t\t\t\n\t\t\t<\/div>\n\t\t\t\n\t\t<\/div>\n\t\t\t\t\t\t<\/div>\n\t\t\t\t<\/div>\n\t\t\t\t<div class=\"elementor-element elementor-element-7dffe0f elementor-position-left elementor-vertical-align-middle elementor-view-default elementor-mobile-position-top elementor-widget elementor-widget-icon-box\" data-id=\"7dffe0f\" data-element_type=\"widget\" data-widget_type=\"icon-box.default\">\n\t\t\t\t<div class=\"elementor-widget-container\">\n\t\t\t\t\t\t\t<div class=\"elementor-icon-box-wrapper\">\n\n\t\t\t\t\t\t<div class=\"elementor-icon-box-icon\">\n\t\t\t\t<span  class=\"elementor-icon\">\n\t\t\t\t<i aria-hidden=\"true\" class=\"icon icon-phone-call2\"><\/i>\t\t\t\t<\/span>\n\t\t\t<\/div>\n\t\t\t\n\t\t\t\t\t\t<div class=\"elementor-icon-box-content\">\n\n\t\t\t\t\t\t\t\t\t<h4 class=\"elementor-icon-box-title\">\n\t\t\t\t\t\t<span  >\n\t\t\t\t\t\t\tT\u00e9l\u00e9phone\t\t\t\t\t\t<\/span>\n\t\t\t\t\t<\/h4>\n\t\t\t\t\n\t\t\t\t\t\t\t\t\t<p class=\"elementor-icon-box-description\">\n\t\t\t\t\t\t06 45 21 21 03\t\t\t\t\t<\/p>\n\t\t\t\t\n\t\t\t<\/div>\n\t\t\t\n\t\t<\/div>\n\t\t\t\t\t\t<\/div>\n\t\t\t\t<\/div>\n\t\t\t\t<\/div>\n\t\t\t\t<\/div>\n\t\t\t\t<div class=\"elementor-element elementor-element-e31f657 elementor-widget elementor-widget-heading\" data-id=\"e31f657\" data-element_type=\"widget\" data-widget_type=\"heading.default\">\n\t\t\t\t<div class=\"elementor-widget-container\">\n\t\t\t\t\t<h2 class=\"elementor-heading-title elementor-size-default\">R\u00e9seaux sociaux<\/h2>\t\t\t\t<\/div>\n\t\t\t\t<\/div>\n\t\t\t\t<div class=\"elementor-element elementor-element-36eb9be elementor-widget elementor-widget-elementskit-social-media\" data-id=\"36eb9be\" data-element_type=\"widget\" data-widget_type=\"elementskit-social-media.default\">\n\t\t\t\t<div class=\"elementor-widget-container\">\n\t\t\t\t\t<div class=\"ekit-wid-con\" >\t\t\t <ul class=\"ekit_social_media\">\n\t\t\t\t\t\t\t\t\t\t\t\t\t\t<li class=\"elementor-repeater-item-67ea7f8\">\n\t\t\t\t\t    <a\n\t\t\t\t\t\thref=\"https:\/\/facebook.com\" aria-label=\"Facebook\" class=\"facebook\" >\n\t\t\t\t\t\t\t\t\t\t\t\t\t\t\n\t\t\t\t\t\t\t<i aria-hidden=\"true\" class=\"icon icon-facebook\"><\/i>\t\t\t\t\t\t\t\t\t\n                                                                                                            <\/a>\n                    <\/li>\n                    \t\t\t\t\t\t\t\t\t\t\t\t\t\t<li class=\"elementor-repeater-item-38ed363\">\n\t\t\t\t\t    <a\n\t\t\t\t\t\thref=\"https:\/\/facebook.com\" aria-label=\"Twitter\" class=\"twitter\" >\n\t\t\t\t\t\t\t\t\t\t\t\t\t\t\n\t\t\t\t\t\t\t<i aria-hidden=\"true\" class=\"icon icon-twitter\"><\/i>\t\t\t\t\t\t\t\t\t\n                                                                                                            <\/a>\n                    <\/li>\n                    \t\t\t\t\t\t\t\t\t\t\t\t\t\t<li class=\"elementor-repeater-item-82c76bb\">\n\t\t\t\t\t    <a\n\t\t\t\t\t\thref=\"https:\/\/facebook.com\" aria-label=\"LinkedIn\" class=\"linkedin\" >\n\t\t\t\t\t\t\t\t\t\t\t\t\t\t\n\t\t\t\t\t\t\t<i aria-hidden=\"true\" class=\"icon icon-linkedin\"><\/i>\t\t\t\t\t\t\t\t\t\n                                                                                                            <\/a>\n                    <\/li>\n                    \t\t\t\t\t\t\t\t\t\t\t\t\t\t<li class=\"elementor-repeater-item-1173101\">\n\t\t\t\t\t    <a\n\t\t\t\t\t\thref=\"https:\/\/facebook.com\" aria-label=\"LinkedIn\" class=\"v\" >\n\t\t\t\t\t\t\t\t\t\t\t\t\t\t\n\t\t\t\t\t\t\t<i aria-hidden=\"true\" class=\"icon icon-youtube-v\"><\/i>\t\t\t\t\t\t\t\t\t\n                                                                                                            <\/a>\n                    <\/li>\n                    \t\t\t\t\t\t\t<\/ul>\n\t\t<\/div>\t\t\t\t<\/div>\n\t\t\t\t<\/div>\n\t\t\t\t<\/div>\n\t\t<div class=\"elementor-element elementor-element-4b9d0b3 e-con-full e-flex e-con e-child\" data-id=\"4b9d0b3\" data-element_type=\"container\">\n\t\t<div class=\"elementor-element elementor-element-7b91ba0 e-con-full e-flex e-con e-child\" data-id=\"7b91ba0\" data-element_type=\"container\">\n\t\t<div class=\"elementor-element elementor-element-a7385f2 e-con-full e-flex e-con e-child\" data-id=\"a7385f2\" data-element_type=\"container\">\n\t\t\t\t<div class=\"elementor-element elementor-element-6f72356 elementor-widget elementor-widget-heading\" data-id=\"6f72356\" data-element_type=\"widget\" data-widget_type=\"heading.default\">\n\t\t\t\t<div class=\"elementor-widget-container\">\n\t\t\t\t\t<h2 class=\"elementor-heading-title elementor-size-default\">Laissez un message<\/h2>\t\t\t\t<\/div>\n\t\t\t\t<\/div>\n\t\t\t\t<div class=\"elementor-element elementor-element-5a789d2 elementor-widget elementor-widget-image\" data-id=\"5a789d2\" data-element_type=\"widget\" data-widget_type=\"image.default\">\n\t\t\t\t<div class=\"elementor-widget-container\">\n\t\t\t\t\t\t\t\t\t\t\t\t\t\t\t<img fetchpriority=\"high\" decoding=\"async\" width=\"600\" height=\"600\" src=\"https:\/\/inspiration-croquette.artcomweb.fr\/wp-content\/uploads\/2023\/03\/cute-dog-and-footprint-seamless-pattern-GE973RTq.png\" class=\"attachment-full size-full wp-image-51\" alt=\"\" srcset=\"https:\/\/inspiration-croquette.artcomweb.fr\/wp-content\/uploads\/2023\/03\/cute-dog-and-footprint-seamless-pattern-GE973RTq.png 600w, https:\/\/inspiration-croquette.artcomweb.fr\/wp-content\/uploads\/2023\/03\/cute-dog-and-footprint-seamless-pattern-GE973RTq-300x300.png 300w, https:\/\/inspiration-croquette.artcomweb.fr\/wp-content\/uploads\/2023\/03\/cute-dog-and-footprint-seamless-pattern-GE973RTq-150x150.png 150w\" sizes=\"(max-width: 600px) 100vw, 600px\" \/>\t\t\t\t\t\t\t\t\t\t\t\t\t\t\t<\/div>\n\t\t\t\t<\/div>\n\t\t\t\t<\/div>\n\t\t\t\t<\/div>\n\t\t\t\t<div class=\"elementor-element elementor-element-38d9781 elementor-widget elementor-widget-text-editor\" data-id=\"38d9781\" data-element_type=\"widget\" data-widget_type=\"text-editor.default\">\n\t\t\t\t<div class=\"elementor-widget-container\">\n\t\t\t\t\t\t\t\t\t<p>Nous nous engageons \u00e0 fournir des services de qualit\u00e9, en alliant expertise et bienveillance. Chaque aspect de notre offre est con\u00e7u pour garantir la satisfaction et le confort de nos clients.<\/p>\t\t\t\t\t\t\t\t<\/div>\n\t\t\t\t<\/div>\n\t\t\t\t<\/div>\n\t\t\t\t\t<\/div>\n\t\t\t\t<\/div>\n\t\t<div class=\"elementor-element elementor-element-3c263ab e-flex e-con-boxed e-con e-parent\" data-id=\"3c263ab\" data-element_type=\"container\">\n\t\t\t\t\t<div class=\"e-con-inner\">\n\t\t<div class=\"elementor-element elementor-element-0fcb161 e-con-full e-flex e-con e-child\" data-id=\"0fcb161\" data-element_type=\"container\">\n\t\t\t\t<div class=\"elementor-element elementor-element-3253780 elementor-widget elementor-widget-google_maps\" data-id=\"3253780\" data-element_type=\"widget\" data-widget_type=\"google_maps.default\">\n\t\t\t\t<div class=\"elementor-widget-container\">\n\t\t\t\t\t\t\t<div class=\"elementor-custom-embed\">\n\t\t\t<iframe loading=\"lazy\"\n\t\t\t\t\tsrc=\"https:\/\/maps.google.com\/maps?q=456%20Avenue%20des%20Compagnons%2C%2069002%20Lyon%2C%20France&#038;t=m&#038;z=10&#038;output=embed&#038;iwloc=near\"\n\t\t\t\t\ttitle=\"456 Avenue des Compagnons, 69002 Lyon, France\"\n\t\t\t\t\taria-label=\"456 Avenue des Compagnons, 69002 Lyon, France\"\n\t\t\t><\/iframe>\n\t\t<\/div>\n\t\t\t\t\t\t<\/div>\n\t\t\t\t<\/div>\n\t\t\t\t<\/div>\n\t\t\t\t\t<\/div>\n\t\t\t\t<\/div>\n\t\t\t\t<\/div>\n\t\t","protected":false},"excerpt":{"rendered":"<p>Contact Contactez nous Nous offrons une assistance continue et adapt\u00e9e \u00e0 vos besoins. Nos services sont con\u00e7us pour r\u00e9pondre aux exigences sp\u00e9cifiques de votre animal, garantissant ainsi un bien-\u00eatre optimal. Avec une approche professionnelle, nous assurons un suivi r\u00e9gulier et des solutions personnalis\u00e9es pour chaque situation. Localisation 456 Avenue des Compagnons, 69002 Lyon, France Email [&hellip;]<\/p>\n","protected":false},"author":1,"featured_media":0,"parent":0,"menu_order":0,"comment_status":"closed","ping_status":"closed","template":"elementor_header_footer","meta":{"footnotes":""},"class_list":["post-118","page","type-page","status-publish","hentry"],"yoast_head":"<!-- This site is optimized with the Yoast SEO plugin v25.2 - https:\/\/yoast.com\/wordpress\/plugins\/seo\/ -->\n<title>Contact - Inspiration Croquette<\/title>\n<meta name=\"robots\" content=\"noindex, follow, max-snippet:-1, max-image-preview:large, max-video-preview:-1\" \/>\n<meta property=\"og:locale\" content=\"fr_FR\" \/>\n<meta property=\"og:type\" content=\"article\" \/>\n<meta property=\"og:title\" content=\"Contact - Inspiration Croquette\" \/>\n<meta property=\"og:description\" content=\"Contact Contactez nous Nous offrons une assistance continue et adapt\u00e9e \u00e0 vos besoins. Nos services sont con\u00e7us pour r\u00e9pondre aux exigences sp\u00e9cifiques de votre animal, garantissant ainsi un bien-\u00eatre optimal. Avec une approche professionnelle, nous assurons un suivi r\u00e9gulier et des solutions personnalis\u00e9es pour chaque situation. Localisation 456 Avenue des Compagnons, 69002 Lyon, France Email [&hellip;]\" \/>\n<meta property=\"og:url\" content=\"https:\/\/inspiration-croquette.artcomweb.fr\/?page_id=118\" \/>\n<meta property=\"og:site_name\" content=\"Inspiration Croquette\" \/>\n<meta property=\"article:modified_time\" content=\"2024-11-08T14:06:40+00:00\" \/>\n<meta property=\"og:image\" content=\"https:\/\/inspiration-croquette.artcomweb.fr\/wp-content\/uploads\/2023\/03\/cute-dog-and-footprint-seamless-pattern-GE973RTq.png\" \/>\n\t<meta property=\"og:image:width\" content=\"600\" \/>\n\t<meta property=\"og:image:height\" content=\"600\" \/>\n\t<meta property=\"og:image:type\" content=\"image\/png\" \/>\n<meta name=\"twitter:card\" content=\"summary_large_image\" \/>\n<meta name=\"twitter:label1\" content=\"Dur\u00e9e de lecture estim\u00e9e\" \/>\n\t<meta name=\"twitter:data1\" content=\"1 minute\" \/>\n<script type=\"application\/ld+json\" class=\"yoast-schema-graph\">{\"@context\":\"https:\/\/schema.org\",\"@graph\":[{\"@type\":\"WebPage\",\"@id\":\"https:\/\/inspiration-croquette.artcomweb.fr\/?page_id=118\",\"url\":\"https:\/\/inspiration-croquette.artcomweb.fr\/?page_id=118\",\"name\":\"Contact - Inspiration Croquette\",\"isPartOf\":{\"@id\":\"https:\/\/inspiration-croquette.artcomweb.fr\/#website\"},\"primaryImageOfPage\":{\"@id\":\"https:\/\/inspiration-croquette.artcomweb.fr\/?page_id=118#primaryimage\"},\"image\":{\"@id\":\"https:\/\/inspiration-croquette.artcomweb.fr\/?page_id=118#primaryimage\"},\"thumbnailUrl\":\"https:\/\/inspiration-croquette.artcomweb.fr\/wp-content\/uploads\/2023\/03\/cute-dog-and-footprint-seamless-pattern-GE973RTq.png\",\"datePublished\":\"2023-03-13T14:01:21+00:00\",\"dateModified\":\"2024-11-08T14:06:40+00:00\",\"breadcrumb\":{\"@id\":\"https:\/\/inspiration-croquette.artcomweb.fr\/?page_id=118#breadcrumb\"},\"inLanguage\":\"fr-FR\",\"potentialAction\":[{\"@type\":\"ReadAction\",\"target\":[\"https:\/\/inspiration-croquette.artcomweb.fr\/?page_id=118\"]}]},{\"@type\":\"ImageObject\",\"inLanguage\":\"fr-FR\",\"@id\":\"https:\/\/inspiration-croquette.artcomweb.fr\/?page_id=118#primaryimage\",\"url\":\"https:\/\/inspiration-croquette.artcomweb.fr\/wp-content\/uploads\/2023\/03\/cute-dog-and-footprint-seamless-pattern-GE973RTq.png\",\"contentUrl\":\"https:\/\/inspiration-croquette.artcomweb.fr\/wp-content\/uploads\/2023\/03\/cute-dog-and-footprint-seamless-pattern-GE973RTq.png\",\"width\":600,\"height\":600},{\"@type\":\"BreadcrumbList\",\"@id\":\"https:\/\/inspiration-croquette.artcomweb.fr\/?page_id=118#breadcrumb\",\"itemListElement\":[{\"@type\":\"ListItem\",\"position\":1,\"name\":\"Accueil\",\"item\":\"https:\/\/inspiration-croquette.artcomweb.fr\/\"},{\"@type\":\"ListItem\",\"position\":2,\"name\":\"Contact\"}]},{\"@type\":\"WebSite\",\"@id\":\"https:\/\/inspiration-croquette.artcomweb.fr\/#website\",\"url\":\"https:\/\/inspiration-croquette.artcomweb.fr\/\",\"name\":\"Inspiration Croquette\",\"description\":\"\",\"potentialAction\":[{\"@type\":\"SearchAction\",\"target\":{\"@type\":\"EntryPoint\",\"urlTemplate\":\"https:\/\/inspiration-croquette.artcomweb.fr\/?s={search_term_string}\"},\"query-input\":{\"@type\":\"PropertyValueSpecification\",\"valueRequired\":true,\"valueName\":\"search_term_string\"}}],\"inLanguage\":\"fr-FR\"}]}<\/script>\n<!-- \/ Yoast SEO plugin. -->","yoast_head_json":{"title":"Contact - Inspiration Croquette","robots":{"index":"noindex","follow":"follow","max-snippet":"max-snippet:-1","max-image-preview":"max-image-preview:large","max-video-preview":"max-video-preview:-1"},"og_locale":"fr_FR","og_type":"article","og_title":"Contact - Inspiration Croquette","og_description":"Contact Contactez nous Nous offrons une assistance continue et adapt\u00e9e \u00e0 vos besoins. Nos services sont con\u00e7us pour r\u00e9pondre aux exigences sp\u00e9cifiques de votre animal, garantissant ainsi un bien-\u00eatre optimal. Avec une approche professionnelle, nous assurons un suivi r\u00e9gulier et des solutions personnalis\u00e9es pour chaque situation. Localisation 456 Avenue des Compagnons, 69002 Lyon, France Email [&hellip;]","og_url":"https:\/\/inspiration-croquette.artcomweb.fr\/?page_id=118","og_site_name":"Inspiration Croquette","article_modified_time":"2024-11-08T14:06:40+00:00","og_image":[{"width":600,"height":600,"url":"https:\/\/inspiration-croquette.artcomweb.fr\/wp-content\/uploads\/2023\/03\/cute-dog-and-footprint-seamless-pattern-GE973RTq.png","type":"image\/png"}],"twitter_card":"summary_large_image","twitter_misc":{"Dur\u00e9e de lecture estim\u00e9e":"1 minute"},"schema":{"@context":"https:\/\/schema.org","@graph":[{"@type":"WebPage","@id":"https:\/\/inspiration-croquette.artcomweb.fr\/?page_id=118","url":"https:\/\/inspiration-croquette.artcomweb.fr\/?page_id=118","name":"Contact - Inspiration Croquette","isPartOf":{"@id":"https:\/\/inspiration-croquette.artcomweb.fr\/#website"},"primaryImageOfPage":{"@id":"https:\/\/inspiration-croquette.artcomweb.fr\/?page_id=118#primaryimage"},"image":{"@id":"https:\/\/inspiration-croquette.artcomweb.fr\/?page_id=118#primaryimage"},"thumbnailUrl":"https:\/\/inspiration-croquette.artcomweb.fr\/wp-content\/uploads\/2023\/03\/cute-dog-and-footprint-seamless-pattern-GE973RTq.png","datePublished":"2023-03-13T14:01:21+00:00","dateModified":"2024-11-08T14:06:40+00:00","breadcrumb":{"@id":"https:\/\/inspiration-croquette.artcomweb.fr\/?page_id=118#breadcrumb"},"inLanguage":"fr-FR","potentialAction":[{"@type":"ReadAction","target":["https:\/\/inspiration-croquette.artcomweb.fr\/?page_id=118"]}]},{"@type":"ImageObject","inLanguage":"fr-FR","@id":"https:\/\/inspiration-croquette.artcomweb.fr\/?page_id=118#primaryimage","url":"https:\/\/inspiration-croquette.artcomweb.fr\/wp-content\/uploads\/2023\/03\/cute-dog-and-footprint-seamless-pattern-GE973RTq.png","contentUrl":"https:\/\/inspiration-croquette.artcomweb.fr\/wp-content\/uploads\/2023\/03\/cute-dog-and-footprint-seamless-pattern-GE973RTq.png","width":600,"height":600},{"@type":"BreadcrumbList","@id":"https:\/\/inspiration-croquette.artcomweb.fr\/?page_id=118#breadcrumb","itemListElement":[{"@type":"ListItem","position":1,"name":"Accueil","item":"https:\/\/inspiration-croquette.artcomweb.fr\/"},{"@type":"ListItem","position":2,"name":"Contact"}]},{"@type":"WebSite","@id":"https:\/\/inspiration-croquette.artcomweb.fr\/#website","url":"https:\/\/inspiration-croquette.artcomweb.fr\/","name":"Inspiration Croquette","description":"","potentialAction":[{"@type":"SearchAction","target":{"@type":"EntryPoint","urlTemplate":"https:\/\/inspiration-croquette.artcomweb.fr\/?s={search_term_string}"},"query-input":{"@type":"PropertyValueSpecification","valueRequired":true,"valueName":"search_term_string"}}],"inLanguage":"fr-FR"}]}},"_links":{"self":[{"href":"https:\/\/inspiration-croquette.artcomweb.fr\/index.php?rest_route=\/wp\/v2\/pages\/118","targetHints":{"allow":["GET"]}}],"collection":[{"href":"https:\/\/inspiration-croquette.artcomweb.fr\/index.php?rest_route=\/wp\/v2\/pages"}],"about":[{"href":"https:\/\/inspiration-croquette.artcomweb.fr\/index.php?rest_route=\/wp\/v2\/types\/page"}],"author":[{"embeddable":true,"href":"https:\/\/inspiration-croquette.artcomweb.fr\/index.php?rest_route=\/wp\/v2\/users\/1"}],"replies":[{"embeddable":true,"href":"https:\/\/inspiration-croquette.artcomweb.fr\/index.php?rest_route=%2Fwp%2Fv2%2Fcomments&post=118"}],"version-history":[{"count":13,"href":"https:\/\/inspiration-croquette.artcomweb.fr\/index.php?rest_route=\/wp\/v2\/pages\/118\/revisions"}],"predecessor-version":[{"id":212,"href":"https:\/\/inspiration-croquette.artcomweb.fr\/index.php?rest_route=\/wp\/v2\/pages\/118\/revisions\/212"}],"wp:attachment":[{"href":"https:\/\/inspiration-croquette.artcomweb.fr\/index.php?rest_route=%2Fwp%2Fv2%2Fmedia&parent=118"}],"curies":[{"name":"wp","href":"https:\/\/api.w.org\/{rel}","templated":true}]}}